{"id":112963,"date":"2021-03-15T15:26:32","date_gmt":"2021-03-15T14:26:32","guid":{"rendered":"https:\/\/www.assomption.org\/?page_id=112963"},"modified":"2021-03-15T15:26:33","modified_gmt":"2021-03-15T14:26:33","slug":"terms-of-service","status":"publish","type":"page","link":"https:\/\/www.assomption.org\/en\/terms-of-service\/","title":{"rendered":"Terms of service"},"content":{"rendered":"\n<p>Les pr\u00e9sentes Conditions G\u00e9n\u00e9rales d\u2019Utilisation d\u00e9terminent les r\u00e8gles d\u2019acc\u00e8s au site assomption.org (ci-apr\u00e8s \u00ab&nbsp;le Site&nbsp;\u00bb). En naviguant sur ce Site, vous reconnaissez, en votre qualit\u00e9 d\u2019utilisateur, en conna\u00eetre les termes, les accepter sans r\u00e9serve et vous y conformer.<\/p>\n\n\n\n<h2 class=\"wp-block-heading\"><strong>1 \u2013 Donn\u00e9es personnelles<\/strong><\/h2>\n\n\n\n<p>Pour plus d&#8217;informations, veuillez consulter <a href=\"https:\/\/www.assomption.org\/politique-de-confidentialite\/\">notre page de Politique de confidentialit\u00e9<\/a>.<\/p>\n\n\n\n<h2 class=\"wp-block-heading\"><strong>2 \u2013 Licence de droit d\u2019usage<\/strong><\/h2>\n\n\n\n<p>L\u2019acc\u00e8s au Site vous conf\u00e8re un droit d\u2019usage priv\u00e9, non collectif et non exclusif sur le contenu dudit Site. Toute mise en r\u00e9seau et toute rediffusion, quelle qu\u2019en soit la forme, sont interdites.<br><br>Le droit de reproduire ne s\u2019entend qu\u2019aux fins de repr\u00e9sentation sur \u00e9cran monoposte et est strictement r\u00e9serv\u00e9 \u00e0 votre usage priv\u00e9. Si vous souhaitez faire un usage commercial des informations figurant sur ce site, il convient de solliciter un accord expr\u00e8s de notre part. Pour ce faire, vous pouvez nous contacter \u00e0 l\u2019adresse suivante&nbsp;: contact-internet@assomption.org.<\/p>\n\n\n\n<p>L\u2019ensemble des mat\u00e9riels \u00e9dit\u00e9s sur le Site, incluant \u00e0 titre non limitatif les textes, les photographies, les infographies, les ic\u00f4nes (ci-apr\u00e8s \u00ab les Mat\u00e9riels \u00bb), constituent des \u0153uvres au sens des dispositions de l\u2019article L112-1 du Code de la Propri\u00e9t\u00e9 Intellectuelle. En cons\u00e9quence, toute repr\u00e9sentation ou reproduction, int\u00e9grale ou partielle, qui pourrait en \u00eatre faite sans le consentement de leurs auteurs ou de leurs ayants-droit, est illicite. Vous ne pouvez donc modifier, copier, transmettre par e-mail ou de toute autre mani\u00e8re, c\u00e9der, t\u00e9l\u00e9charger, afficher et, d\u2019une fa\u00e7on g\u00e9n\u00e9rale, exploiter ces Mat\u00e9riels.<br><br>Vous vous engagez en cons\u00e9quence \u00e0 :<\/p>\n\n\n\n<p>\u2013 ne t\u00e9l\u00e9charger sur votre ordinateur les Mat\u00e9riels que pour un usage personnel et limit\u00e9 dans le temps ;<\/p>\n\n\n\n<p>\u2013 n\u2019imprimer sur support papier les Mat\u00e9riels t\u00e9l\u00e9charg\u00e9s qu\u2019\u00e0 la condition que lesdites copies soient strictement limit\u00e9es \u00e0 un usage personnel ;<\/p>\n\n\n\n<p>\u2013 ne pas reproduire la version num\u00e9rique des Mat\u00e9riels \u00e0 des fins de revue de presse ;<\/p>\n\n\n\n<p>\u2013 ne pas alt\u00e9rer, modifier, d\u00e9placer, retirer ou remplacer le contenu \u00e9ditorial (texte et\/ou reproduction) des Mat\u00e9riels et\/ou le nom d\u2019assomption.org et\/ou des auteurs des Mat\u00e9riels ou de leurs ayants-droit et\/ou toute autre information se rapportant aux droits des Augustins de l&#8217;Assomption et\/ou des auteurs des Mat\u00e9riels ou de leurs ayants-droit.<\/p>\n\n\n\n<p>Nous vous rappelons que la violation de l\u2019un des droits d\u2019auteur de l\u2019\u00e9diteur ou des auteurs de ce Site constitue un d\u00e9lit de contrefa\u00e7on puni en France par l\u2019article L335-2 du Code de la Propri\u00e9t\u00e9 Intellectuelle et passible de trois ans d\u2019emprisonnement et 300 000 euros d\u2019amende.<br><br>Les Augustins de l&#8217;Assomption se r\u00e9servent le droit, \u00e0 leur seule discr\u00e9tion et sans information pr\u00e9alable, de modifier, supprimer ou ajouter des mentions aux \u00ab Conditions G\u00e9n\u00e9rales d\u2019Utilisation \u00bb du Site, et ce \u00e0 tout moment afin notamment de prendre en compte toute \u00e9volution l\u00e9gale, jurisprudentielle, \u00e9ditoriale et\/ou technique. La version qui pr\u00e9vaut est celle qui est accessible en ligne. Il vous est donc conseill\u00e9 de vous r\u00e9f\u00e9rer r\u00e9guli\u00e8rement \u00e0 la derni\u00e8re version des desdites Conditions G\u00e9n\u00e9rales d\u2019Utilisation.<\/p>\n\n\n\n<p>Les Augustins de l&#8217;Assomption se r\u00e9servent \u00e9galement la facult\u00e9 de modifier les caract\u00e9ristiques ou le contenu du Site. Il peut \u00e9galement restreindre l\u2019acc\u00e8s du Site \u00e0 certaines rubriques et ce, sans avertissement pr\u00e9alable.<\/p>\n\n\n\n<p>Les Augustins de l&#8217;Assomption peuvent \u00e0 leur seule discr\u00e9tion suspendre, interrompre ou arr\u00eater l\u2019acc\u00e8s \u00e0 tout ou partie du Site pour quelque raison que ce soit incluant notamment le non-respect des \u00ab Conditions g\u00e9n\u00e9rales d\u2019utilisation \u00bb du Site. Il ne garantit pas que le Site soit sans erreurs ni que toutes les imperfections feront l\u2019objet de corrections.<\/p>\n\n\n\n<h2 class=\"wp-block-heading\"><strong>3 \u2013 Limitation de responsabilit\u00e9<\/strong><\/h2>\n\n\n\n<p>Vous \u00eates seul responsable des dommages et pr\u00e9judices, directs ou indirects, mat\u00e9riels ou immat\u00e9riels d\u00e8s lors qu\u2019ils auraient pour cause, fondement ou origine un usage du Site par vous-m\u00eame ou par toute personne autoris\u00e9e par vous \u00e0 utiliser ce Site. Par usage, il convient d\u2019entendre tout usage du Site quel qu\u2019il soit, frauduleux ou non frauduleux.<br><br>A ce titre, vous renoncez \u00e0 toute r\u00e9clamation ou action en justice relative \u00e0 de tels dommages et pr\u00e9judices, sur le fondement de la responsabilit\u00e9 contractuelle des Augustins de l&#8217;Assomption en sa qualit\u00e9 d\u2019\u00e9diteur de ce Site ou sur tout autre fondement.<\/p>\n\n\n\n<p>Des liens hypertextes peuvent renvoyer vers d\u2019autres sites que le Site. En cliquant sur ces liens, vous quittez le Site et aboutissez ainsi sur des sites sur lesquels les Augustins de l&#8217;Assomption n\u2019exerce aucun contr\u00f4le. En cons\u00e9quence, cette derni\u00e8re d\u00e9gage toute responsabilit\u00e9 dans le cas o\u00f9 le contenu de ces sites contreviendrait aux dispositions l\u00e9gales et r\u00e9glementaires en vigueur.<br><br>En outre, il est rappel\u00e9 qu\u2019aucun lien hypertexte ne peut renvoyer sur le Site sans l\u2019autorisation pr\u00e9alable et expresse de l\u2019\u00e9diteur du Site. A d\u00e9faut d\u2019autorisation, un tel lien est consid\u00e9r\u00e9 comme constitutif du d\u00e9lit de contrefa\u00e7on, d\u00e9lit dont les peines ont d\u2019ores et d\u00e9j\u00e0 \u00e9t\u00e9 rappel\u00e9es ci-dessus.<\/p>\n\n\n\n<p>Les Augustins de l&#8217;Assomption s\u2019engagent \u00e0 faire leurs meilleurs efforts pour s\u00e9curiser l\u2019acc\u00e8s, la consultation et l\u2019utilisation des Mat\u00e9riels conform\u00e9ment aux r\u00e8gles d\u2019usages de l\u2019Internet. L\u2019acc\u00e8s au Site est possible vingt-quatre (24) heures sur vingt-quatre (24), sept (7) jours sur sept (7) sauf en cas de force majeure ou d\u2019\u00e9v\u00e9nement hors du contr\u00f4le des Augustins de l&#8217;Assomption et sous r\u00e9serve des \u00e9ventuelles pannes et interventions de maintenance n\u00e9cessaires au bon fonctionnement du Site et des Mat\u00e9riels, qui pourront \u00eatre effectu\u00e9es sans vous en avoir averti au pr\u00e9alable.<\/p>\n\n\n\n<p>En cons\u00e9quence, la responsabilit\u00e9 des Augustins de l&#8217;Assomption ne peut \u00eatre engag\u00e9e dans les cas suivants :<\/p>\n\n\n\n<ul class=\"wp-block-list\"><li>Interruptions momentan\u00e9es d\u2019une dur\u00e9e de quelques minutes pour la mise \u00e0 jour de certains fichiers ;<\/li><li>Difficult\u00e9s de fonctionnement ou interruption momentan\u00e9e de ces services ind\u00e9pendamment de la volont\u00e9 des Augustins de l&#8217;Assomption notamment en cas d\u2019interruption des services d\u2019\u00e9lectricit\u00e9 ou de t\u00e9l\u00e9communication ;<\/li><li>Interruptions momentan\u00e9es des services n\u00e9cessaires \u00e0 leurs \u00e9volutions ou maintenance ;<\/li><li>D\u00e9faillance ou dysfonctionnements du r\u00e9seau Internet dans la transmission de messages ou documents&nbsp;;<\/li><\/ul>\n\n\n\n<p>Vous d\u00e9clarez accepter les caract\u00e9ristiques et les limites de l\u2019Internet, et en particulier reconna\u00eetre&nbsp;;<\/p>\n\n\n\n<ul class=\"wp-block-list\"><li>que vous avez connaissance de la nature de l\u2019Internet, en particulier de ses performances techniques et des temps de r\u00e9ponse pour consulter, interroger ou transf\u00e9rer des informations\/donn\u00e9es ;<\/li><li>que la communication de vos \u00e9ventuels codes d\u2019acc\u00e8s et pr\u00e9cis\u00e9ment de votre identifiant et de votre mot de passe ou d\u2019une mani\u00e8re g\u00e9n\u00e9rale de toute information jug\u00e9e confidentielle est faite sous votre propre responsabilit\u00e9&nbsp;;<\/li><li>qu\u2019il vous appartient de prendre toutes mesures n\u00e9cessaires pour s\u2019assurer que les caract\u00e9ristiques techniques de votre ordinateur vous permettent la consultation du Site ;<\/li><li>qu\u2019il vous appartient de prendre toutes les mesures appropri\u00e9es de fa\u00e7on \u00e0 prot\u00e9ger vos propres donn\u00e9es et\/ou logiciels de la contamination par des \u00e9ventuels virus circulant \u00e0 travers le Site ;<\/li><li>il est pr\u00e9cis\u00e9 que le t\u00e9l\u00e9chargement des Mat\u00e9riels emporte acceptation sans r\u00e9serve desdits Mat\u00e9riels et des pr\u00e9sentes Conditions G\u00e9n\u00e9rales d\u2019Utilisation.<\/li><\/ul>\n\n\n\n<h2 class=\"wp-block-heading\">4<strong>\u2013 Application de la loi fran\u00e7aise<\/strong><\/h2>\n\n\n\n<p>Le r\u00e9seau Internet \u00e9tant par nature un r\u00e9seau mondial, mais le pr\u00e9sent Site \u00e9tant destin\u00e9 \u00e0 un public fran\u00e7ais, les r\u00e8gles applicables \u00e0 tous les contenus et toutes les transmissions de donn\u00e9es sur et autour du Site sont d\u00e9termin\u00e9es par la loi fran\u00e7aise. En cas de litige, les tribunaux fran\u00e7ais seront seuls comp\u00e9tents.<\/p>\n","protected":false},"excerpt":{"rendered":"","protected":false},"author":1,"featured_media":0,"parent":0,"menu_order":0,"comment_status":"closed","ping_status":"closed","template":"","meta":{"_acf_changed":false,"_uag_custom_page_level_css":"","footnotes":""},"class_list":["post-112963","page","type-page","status-publish","hentry"],"acf":[],"yoast_head":"<!-- This site is optimized with the Yoast SEO plugin v27.5 - https:\/\/yoast.com\/product\/yoast-seo-wordpress\/ -->\n<title>Terms of service - Assomption<\/title>\n<meta name=\"robots\" content=\"index, follow, max-snippet:-1, max-image-preview:large, max-video-preview:-1\" \/>\n<link rel=\"canonical\" href=\"https:\/\/www.assomption.org\/en\/terms-of-service\/\" \/>\n<meta property=\"og:locale\" content=\"en_US\" \/>\n<meta property=\"og:type\" content=\"article\" \/>\n<meta property=\"og:title\" content=\"Terms of service - Assomption\" \/>\n<meta property=\"og:url\" content=\"https:\/\/www.assomption.org\/en\/terms-of-service\/\" \/>\n<meta property=\"og:site_name\" content=\"Assomption\" \/>\n<meta property=\"article:modified_time\" content=\"2021-03-15T14:26:33+00:00\" \/>\n<meta name=\"twitter:card\" content=\"summary_large_image\" \/>\n<meta name=\"twitter:label1\" content=\"Est. reading time\" \/>\n\t<meta name=\"twitter:data1\" content=\"7 minutes\" \/>\n<script type=\"application\/ld+json\" class=\"yoast-schema-graph\">{\"@context\":\"https:\\\/\\\/schema.org\",\"@graph\":[{\"@type\":\"WebPage\",\"@id\":\"https:\\\/\\\/www.assomption.org\\\/en\\\/terms-of-service\\\/\",\"url\":\"https:\\\/\\\/www.assomption.org\\\/en\\\/terms-of-service\\\/\",\"name\":\"Terms of service - Assomption\",\"isPartOf\":{\"@id\":\"https:\\\/\\\/www.assomption.org\\\/#website\"},\"datePublished\":\"2021-03-15T14:26:32+00:00\",\"dateModified\":\"2021-03-15T14:26:33+00:00\",\"breadcrumb\":{\"@id\":\"https:\\\/\\\/www.assomption.org\\\/en\\\/terms-of-service\\\/#breadcrumb\"},\"inLanguage\":\"en-US\",\"potentialAction\":[{\"@type\":\"ReadAction\",\"target\":[\"https:\\\/\\\/www.assomption.org\\\/en\\\/terms-of-service\\\/\"]}]},{\"@type\":\"BreadcrumbList\",\"@id\":\"https:\\\/\\\/www.assomption.org\\\/en\\\/terms-of-service\\\/#breadcrumb\",\"itemListElement\":[{\"@type\":\"ListItem\",\"position\":1,\"name\":\"Accueil\",\"item\":\"https:\\\/\\\/www.assomption.org\\\/en\\\/\"},{\"@type\":\"ListItem\",\"position\":2,\"name\":\"Terms of service\"}]},{\"@type\":\"WebSite\",\"@id\":\"https:\\\/\\\/www.assomption.org\\\/#website\",\"url\":\"https:\\\/\\\/www.assomption.org\\\/\",\"name\":\"Assomption\",\"description\":\"\",\"publisher\":{\"@id\":\"https:\\\/\\\/www.assomption.org\\\/#organization\"},\"potentialAction\":[{\"@type\":\"SearchAction\",\"target\":{\"@type\":\"EntryPoint\",\"urlTemplate\":\"https:\\\/\\\/www.assomption.org\\\/?s={search_term_string}\"},\"query-input\":{\"@type\":\"PropertyValueSpecification\",\"valueRequired\":true,\"valueName\":\"search_term_string\"}}],\"inLanguage\":\"en-US\"},{\"@type\":\"Organization\",\"@id\":\"https:\\\/\\\/www.assomption.org\\\/#organization\",\"name\":\"Les Augustins de l'Assomption\",\"url\":\"https:\\\/\\\/www.assomption.org\\\/\",\"logo\":{\"@type\":\"ImageObject\",\"inLanguage\":\"en-US\",\"@id\":\"https:\\\/\\\/www.assomption.org\\\/#\\\/schema\\\/logo\\\/image\\\/\",\"url\":\"https:\\\/\\\/www.assomption.org\\\/wp-content\\\/uploads\\\/2020\\\/12\\\/logo.png\",\"contentUrl\":\"https:\\\/\\\/www.assomption.org\\\/wp-content\\\/uploads\\\/2020\\\/12\\\/logo.png\",\"width\":605,\"height\":121,\"caption\":\"Les Augustins de l'Assomption\"},\"image\":{\"@id\":\"https:\\\/\\\/www.assomption.org\\\/#\\\/schema\\\/logo\\\/image\\\/\"}}]}<\/script>\n<!-- \/ Yoast SEO plugin. -->","yoast_head_json":{"title":"Terms of service - Assomption","robots":{"index":"index","follow":"follow","max-snippet":"max-snippet:-1","max-image-preview":"max-image-preview:large","max-video-preview":"max-video-preview:-1"},"canonical":"https:\/\/www.assomption.org\/en\/terms-of-service\/","og_locale":"en_US","og_type":"article","og_title":"Terms of service - Assomption","og_url":"https:\/\/www.assomption.org\/en\/terms-of-service\/","og_site_name":"Assomption","article_modified_time":"2021-03-15T14:26:33+00:00","twitter_card":"summary_large_image","twitter_misc":{"Est. reading time":"7 minutes"},"schema":{"@context":"https:\/\/schema.org","@graph":[{"@type":"WebPage","@id":"https:\/\/www.assomption.org\/en\/terms-of-service\/","url":"https:\/\/www.assomption.org\/en\/terms-of-service\/","name":"Terms of service - Assomption","isPartOf":{"@id":"https:\/\/www.assomption.org\/#website"},"datePublished":"2021-03-15T14:26:32+00:00","dateModified":"2021-03-15T14:26:33+00:00","breadcrumb":{"@id":"https:\/\/www.assomption.org\/en\/terms-of-service\/#breadcrumb"},"inLanguage":"en-US","potentialAction":[{"@type":"ReadAction","target":["https:\/\/www.assomption.org\/en\/terms-of-service\/"]}]},{"@type":"BreadcrumbList","@id":"https:\/\/www.assomption.org\/en\/terms-of-service\/#breadcrumb","itemListElement":[{"@type":"ListItem","position":1,"name":"Accueil","item":"https:\/\/www.assomption.org\/en\/"},{"@type":"ListItem","position":2,"name":"Terms of service"}]},{"@type":"WebSite","@id":"https:\/\/www.assomption.org\/#website","url":"https:\/\/www.assomption.org\/","name":"Assomption","description":"","publisher":{"@id":"https:\/\/www.assomption.org\/#organization"},"potentialAction":[{"@type":"SearchAction","target":{"@type":"EntryPoint","urlTemplate":"https:\/\/www.assomption.org\/?s={search_term_string}"},"query-input":{"@type":"PropertyValueSpecification","valueRequired":true,"valueName":"search_term_string"}}],"inLanguage":"en-US"},{"@type":"Organization","@id":"https:\/\/www.assomption.org\/#organization","name":"Les Augustins de l'Assomption","url":"https:\/\/www.assomption.org\/","logo":{"@type":"ImageObject","inLanguage":"en-US","@id":"https:\/\/www.assomption.org\/#\/schema\/logo\/image\/","url":"https:\/\/www.assomption.org\/wp-content\/uploads\/2020\/12\/logo.png","contentUrl":"https:\/\/www.assomption.org\/wp-content\/uploads\/2020\/12\/logo.png","width":605,"height":121,"caption":"Les Augustins de l'Assomption"},"image":{"@id":"https:\/\/www.assomption.org\/#\/schema\/logo\/image\/"}}]}},"uagb_featured_image_src":{"full":false,"thumbnail":false,"medium":false,"medium_large":false,"large":false,"1536x1536":false,"2048x2048":false,"yarpp-thumbnail":false},"uagb_author_info":{"display_name":"admin","author_link":"https:\/\/www.assomption.org\/en\/author\/admin\/"},"uagb_comment_info":0,"uagb_excerpt":null,"_links":{"self":[{"href":"https:\/\/www.assomption.org\/en\/wp-json\/wp\/v2\/pages\/112963","targetHints":{"allow":["GET"]}}],"collection":[{"href":"https:\/\/www.assomption.org\/en\/wp-json\/wp\/v2\/pages"}],"about":[{"href":"https:\/\/www.assomption.org\/en\/wp-json\/wp\/v2\/types\/page"}],"author":[{"embeddable":true,"href":"https:\/\/www.assomption.org\/en\/wp-json\/wp\/v2\/users\/1"}],"replies":[{"embeddable":true,"href":"https:\/\/www.assomption.org\/en\/wp-json\/wp\/v2\/comments?post=112963"}],"version-history":[{"count":0,"href":"https:\/\/www.assomption.org\/en\/wp-json\/wp\/v2\/pages\/112963\/revisions"}],"wp:attachment":[{"href":"https:\/\/www.assomption.org\/en\/wp-json\/wp\/v2\/media?parent=112963"}],"curies":[{"name":"wp","href":"https:\/\/api.w.org\/{rel}","templated":true}]}}