{"id":112966,"date":"2021-03-11T11:14:57","date_gmt":"2021-03-11T10:14:57","guid":{"rendered":"https:\/\/www.assomption.org\/?page_id=112966"},"modified":"2021-03-11T15:07:28","modified_gmt":"2021-03-11T14:07:28","slug":"legal-notices","status":"publish","type":"page","link":"https:\/\/www.assomption.org\/en\/legal-notices\/","title":{"rendered":"Legal notices"},"content":{"rendered":"\n<h3 class=\"wp-block-heading\">Graphic design and technical realization<\/h3>\n\n\n\n<p><a href=\"http:\/\/www.bayard-service.com\/sites-web\" target=\"_blank\" rel=\"noreferrer noopener\"><\/a><a href=\"https:\/\/www.bayard-service.com\/\" target=\"_blank\" rel=\"noreferrer noopener\"><strong>Bayard Service Web<\/strong><\/a><\/p>\n\n\n\n<p>All\u00e9e H\u00e9l\u00e8ne Boucher<br>59118 Wambrechies<\/p>\n\n\n\n<h3 class=\"wp-block-heading\"><strong>H\u00e9bergeur du site<\/strong><\/h3>\n\n\n\n<p><strong>Bayard Presse<\/strong><br>18 Rue Barb\u00e8s<br>92128 Montrouge Cedex<\/p>\n\n\n\n<h3 class=\"wp-block-heading\">Site host<\/h3>\n\n\n\n<p>The site assomption.org is published by Augustinians of the Assumption.<\/p>\n\n\n\n<p>Augustinians of the Assumption &#8211; Province of France<strong><br><\/strong>Congregation legally recognised by decree of the Ministry of the Interior dated 28 January 2013<\/p>\n\n\n\n<p>79, avenue Denfert Rochereau, 75014 Paris<br><a href=\"mailto:assomption@assomption.org\">assomption@assomption.org<\/a><br>+33(0)1 44 41 40 00<\/p>\n\n\n\n<p>Director of the publication : P. Beno\u00eet Bigard<\/p>\n\n\n\n<h3 class=\"wp-block-heading\">Browser compatibility<\/h3>\n\n\n\n<p>We guarantee the compatibility of the site and its administration with the following browsers:<\/p>\n\n\n\n<ul class=\"wp-block-list\"><li>Chrome (latest releases)<\/li><li>Microsoft Edge (latest releases)<\/li><li>Firefox (latest releases)<\/li><li>Safari (latest releases)<\/li><\/ul>\n\n\n\n<p>For other browsers, we cannot guarantee identical graphics and operation.<\/p>\n","protected":false},"excerpt":{"rendered":"","protected":false},"author":1,"featured_media":0,"parent":0,"menu_order":0,"comment_status":"closed","ping_status":"closed","template":"","meta":{"_acf_changed":false,"_uag_custom_page_level_css":"","footnotes":""},"class_list":["post-112966","page","type-page","status-publish","hentry"],"acf":[],"yoast_head":"<!-- This site is optimized with the Yoast SEO plugin v27.5 - https:\/\/yoast.com\/product\/yoast-seo-wordpress\/ -->\n<title>Legal notices - Assomption<\/title>\n<meta name=\"robots\" content=\"index, follow, max-snippet:-1, max-image-preview:large, max-video-preview:-1\" \/>\n<link rel=\"canonical\" href=\"https:\/\/www.assomption.org\/en\/legal-notices\/\" \/>\n<meta property=\"og:locale\" content=\"en_US\" \/>\n<meta property=\"og:type\" content=\"article\" \/>\n<meta property=\"og:title\" content=\"Legal notices - Assomption\" \/>\n<meta property=\"og:url\" content=\"https:\/\/www.assomption.org\/en\/legal-notices\/\" \/>\n<meta property=\"og:site_name\" content=\"Assomption\" \/>\n<meta property=\"article:modified_time\" content=\"2021-03-11T14:07:28+00:00\" \/>\n<meta name=\"twitter:card\" content=\"summary_large_image\" \/>\n<meta name=\"twitter:label1\" content=\"Est. reading time\" \/>\n\t<meta name=\"twitter:data1\" content=\"1 minute\" \/>\n<script type=\"application\/ld+json\" class=\"yoast-schema-graph\">{\"@context\":\"https:\\\/\\\/schema.org\",\"@graph\":[{\"@type\":\"WebPage\",\"@id\":\"https:\\\/\\\/www.assomption.org\\\/en\\\/legal-notices\\\/\",\"url\":\"https:\\\/\\\/www.assomption.org\\\/en\\\/legal-notices\\\/\",\"name\":\"Legal notices - Assomption\",\"isPartOf\":{\"@id\":\"https:\\\/\\\/www.assomption.org\\\/#website\"},\"datePublished\":\"2021-03-11T10:14:57+00:00\",\"dateModified\":\"2021-03-11T14:07:28+00:00\",\"breadcrumb\":{\"@id\":\"https:\\\/\\\/www.assomption.org\\\/en\\\/legal-notices\\\/#breadcrumb\"},\"inLanguage\":\"en-US\",\"potentialAction\":[{\"@type\":\"ReadAction\",\"target\":[\"https:\\\/\\\/www.assomption.org\\\/en\\\/legal-notices\\\/\"]}]},{\"@type\":\"BreadcrumbList\",\"@id\":\"https:\\\/\\\/www.assomption.org\\\/en\\\/legal-notices\\\/#breadcrumb\",\"itemListElement\":[{\"@type\":\"ListItem\",\"position\":1,\"name\":\"Accueil\",\"item\":\"https:\\\/\\\/www.assomption.org\\\/en\\\/\"},{\"@type\":\"ListItem\",\"position\":2,\"name\":\"Legal notices\"}]},{\"@type\":\"WebSite\",\"@id\":\"https:\\\/\\\/www.assomption.org\\\/#website\",\"url\":\"https:\\\/\\\/www.assomption.org\\\/\",\"name\":\"Assomption\",\"description\":\"\",\"publisher\":{\"@id\":\"https:\\\/\\\/www.assomption.org\\\/#organization\"},\"potentialAction\":[{\"@type\":\"SearchAction\",\"target\":{\"@type\":\"EntryPoint\",\"urlTemplate\":\"https:\\\/\\\/www.assomption.org\\\/?s={search_term_string}\"},\"query-input\":{\"@type\":\"PropertyValueSpecification\",\"valueRequired\":true,\"valueName\":\"search_term_string\"}}],\"inLanguage\":\"en-US\"},{\"@type\":\"Organization\",\"@id\":\"https:\\\/\\\/www.assomption.org\\\/#organization\",\"name\":\"Les Augustins de l'Assomption\",\"url\":\"https:\\\/\\\/www.assomption.org\\\/\",\"logo\":{\"@type\":\"ImageObject\",\"inLanguage\":\"en-US\",\"@id\":\"https:\\\/\\\/www.assomption.org\\\/#\\\/schema\\\/logo\\\/image\\\/\",\"url\":\"https:\\\/\\\/www.assomption.org\\\/wp-content\\\/uploads\\\/2020\\\/12\\\/logo.png\",\"contentUrl\":\"https:\\\/\\\/www.assomption.org\\\/wp-content\\\/uploads\\\/2020\\\/12\\\/logo.png\",\"width\":605,\"height\":121,\"caption\":\"Les Augustins de l'Assomption\"},\"image\":{\"@id\":\"https:\\\/\\\/www.assomption.org\\\/#\\\/schema\\\/logo\\\/image\\\/\"}}]}<\/script>\n<!-- \/ Yoast SEO plugin. -->","yoast_head_json":{"title":"Legal notices - Assomption","robots":{"index":"index","follow":"follow","max-snippet":"max-snippet:-1","max-image-preview":"max-image-preview:large","max-video-preview":"max-video-preview:-1"},"canonical":"https:\/\/www.assomption.org\/en\/legal-notices\/","og_locale":"en_US","og_type":"article","og_title":"Legal notices - Assomption","og_url":"https:\/\/www.assomption.org\/en\/legal-notices\/","og_site_name":"Assomption","article_modified_time":"2021-03-11T14:07:28+00:00","twitter_card":"summary_large_image","twitter_misc":{"Est. reading time":"1 minute"},"schema":{"@context":"https:\/\/schema.org","@graph":[{"@type":"WebPage","@id":"https:\/\/www.assomption.org\/en\/legal-notices\/","url":"https:\/\/www.assomption.org\/en\/legal-notices\/","name":"Legal notices - Assomption","isPartOf":{"@id":"https:\/\/www.assomption.org\/#website"},"datePublished":"2021-03-11T10:14:57+00:00","dateModified":"2021-03-11T14:07:28+00:00","breadcrumb":{"@id":"https:\/\/www.assomption.org\/en\/legal-notices\/#breadcrumb"},"inLanguage":"en-US","potentialAction":[{"@type":"ReadAction","target":["https:\/\/www.assomption.org\/en\/legal-notices\/"]}]},{"@type":"BreadcrumbList","@id":"https:\/\/www.assomption.org\/en\/legal-notices\/#breadcrumb","itemListElement":[{"@type":"ListItem","position":1,"name":"Accueil","item":"https:\/\/www.assomption.org\/en\/"},{"@type":"ListItem","position":2,"name":"Legal notices"}]},{"@type":"WebSite","@id":"https:\/\/www.assomption.org\/#website","url":"https:\/\/www.assomption.org\/","name":"Assomption","description":"","publisher":{"@id":"https:\/\/www.assomption.org\/#organization"},"potentialAction":[{"@type":"SearchAction","target":{"@type":"EntryPoint","urlTemplate":"https:\/\/www.assomption.org\/?s={search_term_string}"},"query-input":{"@type":"PropertyValueSpecification","valueRequired":true,"valueName":"search_term_string"}}],"inLanguage":"en-US"},{"@type":"Organization","@id":"https:\/\/www.assomption.org\/#organization","name":"Les Augustins de l'Assomption","url":"https:\/\/www.assomption.org\/","logo":{"@type":"ImageObject","inLanguage":"en-US","@id":"https:\/\/www.assomption.org\/#\/schema\/logo\/image\/","url":"https:\/\/www.assomption.org\/wp-content\/uploads\/2020\/12\/logo.png","contentUrl":"https:\/\/www.assomption.org\/wp-content\/uploads\/2020\/12\/logo.png","width":605,"height":121,"caption":"Les Augustins de l'Assomption"},"image":{"@id":"https:\/\/www.assomption.org\/#\/schema\/logo\/image\/"}}]}},"uagb_featured_image_src":{"full":false,"thumbnail":false,"medium":false,"medium_large":false,"large":false,"1536x1536":false,"2048x2048":false,"yarpp-thumbnail":false},"uagb_author_info":{"display_name":"admin","author_link":"https:\/\/www.assomption.org\/en\/author\/admin\/"},"uagb_comment_info":0,"uagb_excerpt":null,"_links":{"self":[{"href":"https:\/\/www.assomption.org\/en\/wp-json\/wp\/v2\/pages\/112966","targetHints":{"allow":["GET"]}}],"collection":[{"href":"https:\/\/www.assomption.org\/en\/wp-json\/wp\/v2\/pages"}],"about":[{"href":"https:\/\/www.assomption.org\/en\/wp-json\/wp\/v2\/types\/page"}],"author":[{"embeddable":true,"href":"https:\/\/www.assomption.org\/en\/wp-json\/wp\/v2\/users\/1"}],"replies":[{"embeddable":true,"href":"https:\/\/www.assomption.org\/en\/wp-json\/wp\/v2\/comments?post=112966"}],"version-history":[{"count":0,"href":"https:\/\/www.assomption.org\/en\/wp-json\/wp\/v2\/pages\/112966\/revisions"}],"wp:attachment":[{"href":"https:\/\/www.assomption.org\/en\/wp-json\/wp\/v2\/media?parent=112966"}],"curies":[{"name":"wp","href":"https:\/\/api.w.org\/{rel}","templated":true}]}}